{"id":17,"date":"2024-09-19T05:16:11","date_gmt":"2024-09-19T05:16:11","guid":{"rendered":"https:\/\/www.robusteconsulte.com\/?page_id=17"},"modified":"2025-01-29T23:15:26","modified_gmt":"2025-01-29T23:15:26","slug":"autres-services","status":"publish","type":"page","link":"https:\/\/www.robusteconsulte.com\/index.php\/accompagnement\/autres-services\/","title":{"rendered":"Autres services"},"content":{"rendered":"\t\t<div data-elementor-type=\"wp-page\" data-elementor-id=\"17\" class=\"elementor elementor-17\" data-elementor-post-type=\"page\">\n\t\t\t\t<div data-particle_enable=\"false\" data-particle-mobile-disabled=\"false\" class=\"elementor-element elementor-element-7055663 e-flex e-con-boxed e-con e-parent\" data-id=\"7055663\" data-element_type=\"container\" data-settings=\"{&quot;background_background&quot;:&quot;classic&quot;}\">\n\t\t\t\t\t<div class=\"e-con-inner\">\n\t\t<div data-particle_enable=\"false\" data-particle-mobile-disabled=\"false\" class=\"elementor-element elementor-element-08a7523 e-con-full e-flex e-con e-child\" data-id=\"08a7523\" data-element_type=\"container\">\n\t\t<div data-particle_enable=\"false\" data-particle-mobile-disabled=\"false\" class=\"elementor-element elementor-element-05c0b95 e-con-full e-flex e-con e-child\" data-id=\"05c0b95\" data-element_type=\"container\" data-settings=\"{&quot;background_background&quot;:&quot;classic&quot;}\">\n\t\t\t\t<\/div>\n\t\t<div data-particle_enable=\"false\" data-particle-mobile-disabled=\"false\" class=\"elementor-element elementor-element-ea53892 e-con-full e-flex e-con e-child\" data-id=\"ea53892\" data-element_type=\"container\">\n\t\t\t\t<div class=\"elementor-element elementor-element-80259ac elementor-widget elementor-widget-heading\" data-id=\"80259ac\" data-element_type=\"widget\" data-widget_type=\"heading.default\">\n\t\t\t\t<div class=\"elementor-widget-container\">\n\t\t\t<h2 class=\"elementor-heading-title elementor-size-default\">AUTRES services que propose robuste<\/h2>\t\t<\/div>\n\t\t\t\t<\/div>\n\t\t\t\t<\/div>\n\t\t\t\t<div class=\"elementor-element elementor-element-23e79f0 elementor-align-justify elementor-widget elementor-widget-button\" data-id=\"23e79f0\" data-element_type=\"widget\" data-widget_type=\"button.default\">\n\t\t\t\t<div class=\"elementor-widget-container\">\n\t\t\t\t\t\t\t<div class=\"elementor-button-wrapper\">\n\t\t\t\t\t<a class=\"elementor-button elementor-button-link elementor-size-sm\" href=\"https:\/\/www.robusteconsulte.com\/index.php\/contact\/\">\n\t\t\t\t\t\t<span class=\"elementor-button-content-wrapper\">\n\t\t\t\t\t\t<span class=\"elementor-button-icon\">\n\t\t\t\t<svg aria-hidden=\"true\" class=\"e-font-icon-svg e-fas-phone-alt\" viewBox=\"0 0 512 512\" xmlns=\"http:\/\/www.w3.org\/2000\/svg\"><path d=\"M497.39 361.8l-112-48a24 24 0 0 0-28 6.9l-49.6 60.6A370.66 370.66 0 0 1 130.6 204.11l60.6-49.6a23.94 23.94 0 0 0 6.9-28l-48-112A24.16 24.16 0 0 0 122.6.61l-104 24A24 24 0 0 0 0 48c0 256.5 207.9 464 464 464a24 24 0 0 0 23.4-18.6l24-104a24.29 24.29 0 0 0-14.01-27.6z\"><\/path><\/svg>\t\t\t<\/span>\n\t\t\t\t\t\t\t\t\t<span class=\"elementor-button-text\">Nous contacter<\/span>\n\t\t\t\t\t<\/span>\n\t\t\t\t\t<\/a>\n\t\t\t\t<\/div>\n\t\t\t\t\t\t<\/div>\n\t\t\t\t<\/div>\n\t\t\t\t<\/div>\n\t\t<div data-particle_enable=\"false\" data-particle-mobile-disabled=\"false\" class=\"elementor-element elementor-element-4452fc8 e-con-full e-flex e-con e-child\" data-id=\"4452fc8\" data-element_type=\"container\" data-settings=\"{&quot;background_background&quot;:&quot;classic&quot;}\">\n\t\t\t\t<div class=\"elementor-element elementor-element-6fe1c5e elementor-widget elementor-widget-text-editor\" data-id=\"6fe1c5e\" data-element_type=\"widget\" data-widget_type=\"text-editor.default\">\n\t\t\t\t<div class=\"elementor-widget-container\">\n\t\t\t\t\t\t\t<p>.<\/p>\t\t\t\t\t\t<\/div>\n\t\t\t\t<\/div>\n\t\t\t\t<\/div>\n\t\t\t\t\t<\/div>\n\t\t\t\t<\/div>\n\t\t<div data-particle_enable=\"false\" data-particle-mobile-disabled=\"false\" class=\"elementor-element elementor-element-071f90b e-flex e-con-boxed e-con e-parent\" data-id=\"071f90b\" data-element_type=\"container\">\n\t\t\t\t\t<div class=\"e-con-inner\">\n\t\t<div data-particle_enable=\"false\" data-particle-mobile-disabled=\"false\" class=\"elementor-element elementor-element-346f816 e-con-full e-flex e-con e-child\" data-id=\"346f816\" data-element_type=\"container\">\n\t\t\t\t<div class=\"elementor-element elementor-element-f80a639 elementor-widget elementor-widget-heading\" data-id=\"f80a639\" data-element_type=\"widget\" data-widget_type=\"heading.default\">\n\t\t\t\t<div class=\"elementor-widget-container\">\n\t\t\t<h2 class=\"elementor-heading-title elementor-size-default\">Autres services que propose robuste<\/h2>\t\t<\/div>\n\t\t\t\t<\/div>\n\t\t\t\t<div class=\"elementor-element elementor-element-6d50074 elementor-widget-divider--view-line elementor-widget elementor-widget-divider\" data-id=\"6d50074\" data-element_type=\"widget\" data-widget_type=\"divider.default\">\n\t\t\t\t<div class=\"elementor-widget-container\">\n\t\t\t\t\t<div class=\"elementor-divider\">\n\t\t\t<span class=\"elementor-divider-separator\">\n\t\t\t\t\t\t<\/span>\n\t\t<\/div>\n\t\t\t\t<\/div>\n\t\t\t\t<\/div>\n\t\t\t\t<\/div>\n\t\t<div data-particle_enable=\"false\" data-particle-mobile-disabled=\"false\" class=\"elementor-element elementor-element-d9e84a3 e-con-full e-flex e-con e-child\" data-id=\"d9e84a3\" data-element_type=\"container\">\n\t\t\t\t<div class=\"elementor-element elementor-element-ce47ab7 elementor-widget elementor-widget-text-editor\" data-id=\"ce47ab7\" data-element_type=\"widget\" data-widget_type=\"text-editor.default\">\n\t\t\t\t<div class=\"elementor-widget-container\">\n\t\t\t\t\t\t\t<p>Robuste est une soci\u00e9t\u00e9 agr\u00e9e en BTP\/Hydraulique au Niger, avec environ une d\u00e9cennie d\u2019exp\u00e9rience \u00e0 son actif et une \u00e9quipe dynamique pluridisciplinaires qualifi\u00e9e d\u2019ing\u00e9nieurs, d\u2019architectes et des techniciens sup\u00e9rieurs. Robuste a pu s\u2019imposer et satisfaire ces partenaires nationaux et internationaux sur toutes les \u00e9tapes de processus de prestations de services dans ses diff\u00e9rents domaines de comp\u00e9tence.<\/p>\t\t\t\t\t\t<\/div>\n\t\t\t\t<\/div>\n\t\t\t\t<\/div>\n\t\t\t\t\t<\/div>\n\t\t\t\t<\/div>\n\t\t\t\t<\/div>\n\t\t","protected":false},"excerpt":{"rendered":"<p>AUTRES services que propose robuste Nous contacter . Autres services que propose robuste Robuste est une soci\u00e9t\u00e9 agr\u00e9e en BTP\/Hydraulique au Niger, avec environ une d\u00e9cennie d\u2019exp\u00e9rience \u00e0 son actif et une \u00e9quipe dynamique pluridisciplinaires qualifi\u00e9e d\u2019ing\u00e9nieurs, d\u2019architectes et des techniciens sup\u00e9rieurs. Robuste a pu s\u2019imposer et satisfaire ces partenaires nationaux et internationaux sur toutes [&hellip;]<\/p>\n","protected":false},"author":1,"featured_media":0,"parent":198,"menu_order":0,"comment_status":"closed","ping_status":"closed","template":"elementor_header_footer","meta":{"footnotes":""},"class_list":["post-17","page","type-page","status-publish","hentry"],"blocksy_meta":[],"yoast_head":"<!-- This site is optimized with the Yoast SEO plugin v23.7 - https:\/\/yoast.com\/wordpress\/plugins\/seo\/ -->\n<title>Autres services - ROBUSTE<\/title>\n<meta name=\"robots\" content=\"index, follow, max-snippet:-1, max-image-preview:large, max-video-preview:-1\" \/>\n<link rel=\"canonical\" href=\"https:\/\/www.robusteconsulte.com\/index.php\/accompagnement\/autres-services\/\" \/>\n<meta property=\"og:locale\" content=\"en_US\" \/>\n<meta property=\"og:type\" content=\"article\" \/>\n<meta property=\"og:title\" content=\"Autres services - ROBUSTE\" \/>\n<meta property=\"og:description\" content=\"AUTRES services que propose robuste Nous contacter . Autres services que propose robuste Robuste est une soci\u00e9t\u00e9 agr\u00e9e en BTP\/Hydraulique au Niger, avec environ une d\u00e9cennie d\u2019exp\u00e9rience \u00e0 son actif et une \u00e9quipe dynamique pluridisciplinaires qualifi\u00e9e d\u2019ing\u00e9nieurs, d\u2019architectes et des techniciens sup\u00e9rieurs. Robuste a pu s\u2019imposer et satisfaire ces partenaires nationaux et internationaux sur toutes [&hellip;]\" \/>\n<meta property=\"og:url\" content=\"https:\/\/www.robusteconsulte.com\/index.php\/accompagnement\/autres-services\/\" \/>\n<meta property=\"og:site_name\" content=\"ROBUSTE\" \/>\n<meta property=\"article:modified_time\" content=\"2025-01-29T23:15:26+00:00\" \/>\n<meta name=\"twitter:card\" content=\"summary_large_image\" \/>\n<meta name=\"twitter:label1\" content=\"Est. reading time\" \/>\n\t<meta name=\"twitter:data1\" content=\"1 minute\" \/>\n<script type=\"application\/ld+json\" class=\"yoast-schema-graph\">{\"@context\":\"https:\/\/schema.org\",\"@graph\":[{\"@type\":\"WebPage\",\"@id\":\"https:\/\/www.robusteconsulte.com\/index.php\/accompagnement\/autres-services\/\",\"url\":\"https:\/\/www.robusteconsulte.com\/index.php\/accompagnement\/autres-services\/\",\"name\":\"Autres services - ROBUSTE\",\"isPartOf\":{\"@id\":\"https:\/\/www.robusteconsulte.com\/#website\"},\"datePublished\":\"2024-09-19T05:16:11+00:00\",\"dateModified\":\"2025-01-29T23:15:26+00:00\",\"breadcrumb\":{\"@id\":\"https:\/\/www.robusteconsulte.com\/index.php\/accompagnement\/autres-services\/#breadcrumb\"},\"inLanguage\":\"en-US\",\"potentialAction\":[{\"@type\":\"ReadAction\",\"target\":[\"https:\/\/www.robusteconsulte.com\/index.php\/accompagnement\/autres-services\/\"]}]},{\"@type\":\"BreadcrumbList\",\"@id\":\"https:\/\/www.robusteconsulte.com\/index.php\/accompagnement\/autres-services\/#breadcrumb\",\"itemListElement\":[{\"@type\":\"ListItem\",\"position\":1,\"name\":\"Home\",\"item\":\"https:\/\/www.robusteconsulte.com\/\"},{\"@type\":\"ListItem\",\"position\":2,\"name\":\"AccompagnementNonUtilis\u00e9s\",\"item\":\"https:\/\/www.robusteconsulte.com\/index.php\/accompagnement\/\"},{\"@type\":\"ListItem\",\"position\":3,\"name\":\"Autres services\"}]},{\"@type\":\"WebSite\",\"@id\":\"https:\/\/www.robusteconsulte.com\/#website\",\"url\":\"https:\/\/www.robusteconsulte.com\/\",\"name\":\"ROBUSTE\",\"description\":\"La solution adequate\",\"publisher\":{\"@id\":\"https:\/\/www.robusteconsulte.com\/#organization\"},\"potentialAction\":[{\"@type\":\"SearchAction\",\"target\":{\"@type\":\"EntryPoint\",\"urlTemplate\":\"https:\/\/www.robusteconsulte.com\/?s={search_term_string}\"},\"query-input\":{\"@type\":\"PropertyValueSpecification\",\"valueRequired\":true,\"valueName\":\"search_term_string\"}}],\"inLanguage\":\"en-US\"},{\"@type\":\"Organization\",\"@id\":\"https:\/\/www.robusteconsulte.com\/#organization\",\"name\":\"ROBUSTE\",\"url\":\"https:\/\/www.robusteconsulte.com\/\",\"logo\":{\"@type\":\"ImageObject\",\"inLanguage\":\"en-US\",\"@id\":\"https:\/\/www.robusteconsulte.com\/#\/schema\/logo\/image\/\",\"url\":\"https:\/\/www.robusteconsulte.com\/wp-content\/uploads\/2024\/09\/logoRobuste.png\",\"contentUrl\":\"https:\/\/www.robusteconsulte.com\/wp-content\/uploads\/2024\/09\/logoRobuste.png\",\"width\":387,\"height\":375,\"caption\":\"ROBUSTE\"},\"image\":{\"@id\":\"https:\/\/www.robusteconsulte.com\/#\/schema\/logo\/image\/\"}}]}<\/script>\n<!-- \/ Yoast SEO plugin. -->","yoast_head_json":{"title":"Autres services - ROBUSTE","robots":{"index":"index","follow":"follow","max-snippet":"max-snippet:-1","max-image-preview":"max-image-preview:large","max-video-preview":"max-video-preview:-1"},"canonical":"https:\/\/www.robusteconsulte.com\/index.php\/accompagnement\/autres-services\/","og_locale":"en_US","og_type":"article","og_title":"Autres services - ROBUSTE","og_description":"AUTRES services que propose robuste Nous contacter . Autres services que propose robuste Robuste est une soci\u00e9t\u00e9 agr\u00e9e en BTP\/Hydraulique au Niger, avec environ une d\u00e9cennie d\u2019exp\u00e9rience \u00e0 son actif et une \u00e9quipe dynamique pluridisciplinaires qualifi\u00e9e d\u2019ing\u00e9nieurs, d\u2019architectes et des techniciens sup\u00e9rieurs. Robuste a pu s\u2019imposer et satisfaire ces partenaires nationaux et internationaux sur toutes [&hellip;]","og_url":"https:\/\/www.robusteconsulte.com\/index.php\/accompagnement\/autres-services\/","og_site_name":"ROBUSTE","article_modified_time":"2025-01-29T23:15:26+00:00","twitter_card":"summary_large_image","twitter_misc":{"Est. reading time":"1 minute"},"schema":{"@context":"https:\/\/schema.org","@graph":[{"@type":"WebPage","@id":"https:\/\/www.robusteconsulte.com\/index.php\/accompagnement\/autres-services\/","url":"https:\/\/www.robusteconsulte.com\/index.php\/accompagnement\/autres-services\/","name":"Autres services - ROBUSTE","isPartOf":{"@id":"https:\/\/www.robusteconsulte.com\/#website"},"datePublished":"2024-09-19T05:16:11+00:00","dateModified":"2025-01-29T23:15:26+00:00","breadcrumb":{"@id":"https:\/\/www.robusteconsulte.com\/index.php\/accompagnement\/autres-services\/#breadcrumb"},"inLanguage":"en-US","potentialAction":[{"@type":"ReadAction","target":["https:\/\/www.robusteconsulte.com\/index.php\/accompagnement\/autres-services\/"]}]},{"@type":"BreadcrumbList","@id":"https:\/\/www.robusteconsulte.com\/index.php\/accompagnement\/autres-services\/#breadcrumb","itemListElement":[{"@type":"ListItem","position":1,"name":"Home","item":"https:\/\/www.robusteconsulte.com\/"},{"@type":"ListItem","position":2,"name":"AccompagnementNonUtilis\u00e9s","item":"https:\/\/www.robusteconsulte.com\/index.php\/accompagnement\/"},{"@type":"ListItem","position":3,"name":"Autres services"}]},{"@type":"WebSite","@id":"https:\/\/www.robusteconsulte.com\/#website","url":"https:\/\/www.robusteconsulte.com\/","name":"ROBUSTE","description":"La solution adequate","publisher":{"@id":"https:\/\/www.robusteconsulte.com\/#organization"},"potentialAction":[{"@type":"SearchAction","target":{"@type":"EntryPoint","urlTemplate":"https:\/\/www.robusteconsulte.com\/?s={search_term_string}"},"query-input":{"@type":"PropertyValueSpecification","valueRequired":true,"valueName":"search_term_string"}}],"inLanguage":"en-US"},{"@type":"Organization","@id":"https:\/\/www.robusteconsulte.com\/#organization","name":"ROBUSTE","url":"https:\/\/www.robusteconsulte.com\/","logo":{"@type":"ImageObject","inLanguage":"en-US","@id":"https:\/\/www.robusteconsulte.com\/#\/schema\/logo\/image\/","url":"https:\/\/www.robusteconsulte.com\/wp-content\/uploads\/2024\/09\/logoRobuste.png","contentUrl":"https:\/\/www.robusteconsulte.com\/wp-content\/uploads\/2024\/09\/logoRobuste.png","width":387,"height":375,"caption":"ROBUSTE"},"image":{"@id":"https:\/\/www.robusteconsulte.com\/#\/schema\/logo\/image\/"}}]}},"_links":{"self":[{"href":"https:\/\/www.robusteconsulte.com\/index.php\/wp-json\/wp\/v2\/pages\/17","targetHints":{"allow":["GET"]}}],"collection":[{"href":"https:\/\/www.robusteconsulte.com\/index.php\/wp-json\/wp\/v2\/pages"}],"about":[{"href":"https:\/\/www.robusteconsulte.com\/index.php\/wp-json\/wp\/v2\/types\/page"}],"author":[{"embeddable":true,"href":"https:\/\/www.robusteconsulte.com\/index.php\/wp-json\/wp\/v2\/users\/1"}],"replies":[{"embeddable":true,"href":"https:\/\/www.robusteconsulte.com\/index.php\/wp-json\/wp\/v2\/comments?post=17"}],"version-history":[{"count":29,"href":"https:\/\/www.robusteconsulte.com\/index.php\/wp-json\/wp\/v2\/pages\/17\/revisions"}],"predecessor-version":[{"id":1284,"href":"https:\/\/www.robusteconsulte.com\/index.php\/wp-json\/wp\/v2\/pages\/17\/revisions\/1284"}],"up":[{"embeddable":true,"href":"https:\/\/www.robusteconsulte.com\/index.php\/wp-json\/wp\/v2\/pages\/198"}],"wp:attachment":[{"href":"https:\/\/www.robusteconsulte.com\/index.php\/wp-json\/wp\/v2\/media?parent=17"}],"curies":[{"name":"wp","href":"https:\/\/api.w.org\/{rel}","templated":true}]}}