{"id":754,"date":"2024-10-13T12:01:58","date_gmt":"2024-10-13T12:01:58","guid":{"rendered":"https:\/\/www.robusteconsulte.com\/?page_id=754"},"modified":"2024-10-28T23:14:17","modified_gmt":"2024-10-28T23:14:17","slug":"fiches-denregistrement-pour-les-personnes-qui-veulent-faire-parti-du-personnel-btp-robuste","status":"publish","type":"page","link":"https:\/\/www.robusteconsulte.com\/index.php\/accompagnement\/partenariat-sous-traitance\/fiches-denregistrement-pour-les-personnes-qui-veulent-faire-parti-du-personnel-btp-robuste\/","title":{"rendered":"Fiches d\u2019enregistrement pour les personnes qui veulent faire parti du Personnel BTP-Robuste"},"content":{"rendered":"\t\t<div data-elementor-type=\"wp-page\" data-elementor-id=\"754\" class=\"elementor elementor-754\" data-elementor-post-type=\"page\">\n\t\t\t\t<div data-particle_enable=\"false\" data-particle-mobile-disabled=\"false\" class=\"elementor-element elementor-element-9184d90 e-flex e-con-boxed e-con e-parent\" data-id=\"9184d90\" data-element_type=\"container\" data-settings=\"{&quot;background_background&quot;:&quot;classic&quot;}\">\n\t\t\t\t\t<div class=\"e-con-inner\">\n\t\t\t\t<div class=\"elementor-element elementor-element-6f047c1 elementor-widget elementor-widget-heading\" data-id=\"6f047c1\" data-element_type=\"widget\" data-widget_type=\"heading.default\">\n\t\t\t\t<div class=\"elementor-widget-container\">\n\t\t\t<h2 class=\"elementor-heading-title elementor-size-default\">Fiches d\u2019enregistrement pour les personnes qui veulent faire parti du Personnel BTP-Robuste<\/h2>\t\t<\/div>\n\t\t\t\t<\/div>\n\t\t\t\t\t<\/div>\n\t\t\t\t<\/div>\n\t\t<div data-particle_enable=\"false\" data-particle-mobile-disabled=\"false\" class=\"elementor-element elementor-element-3967800 e-flex e-con-boxed e-con e-parent\" data-id=\"3967800\" data-element_type=\"container\" data-settings=\"{&quot;background_background&quot;:&quot;classic&quot;}\">\n\t\t\t\t\t<div class=\"e-con-inner\">\n\t\t\t\t<div class=\"elementor-element elementor-element-2090779 elementor-widget elementor-widget-wp-widget-forminator_widget\" data-id=\"2090779\" data-element_type=\"widget\" data-widget_type=\"wp-widget-forminator_widget.default\">\n\t\t\t\t<div class=\"elementor-widget-container\">\n\t\t\t<div class=\"forminator-ui forminator-custom-form forminator-custom-form-1141 forminator-design--bold  forminator_ajax\" data-forminator-render=\"0\" data-form=\"forminator-module-1141\" data-uid=\"69e23512ca685\"><br\/><\/div><form\r\n\t\t\t\tid=\"forminator-module-1141\"\r\n\t\t\t\tclass=\"forminator-ui forminator-custom-form forminator-custom-form-1141 forminator-design--bold  forminator_ajax\"\r\n\t\t\t\tmethod=\"post\"\r\n\t\t\t\tdata-forminator-render=\"0\"\r\n\t\t\t\tdata-form-id=\"1141\"\r\n\t\t\t\t\r\n\t\t\t\tdata-design=\"bold\"\r\n\t\t\t\t\r\n\t\t\t\t\r\n\t\t\t\t\r\n\t\t\t\tdata-grid=\"open\"\r\n\t\t\t\tenctype=\"multipart\/form-data\"\r\n\t\t\t\t\r\n\t\t\t\tstyle=\"display: none;\"\r\n\t\t\t\t\r\n\t\t\t\tdata-uid=\"69e23512ca685\"\r\n\t\t\t><div role=\"alert\" aria-live=\"polite\" class=\"forminator-response-message forminator-error\" aria-hidden=\"true\"><\/div><div class=\"forminator-row\"><div id=\"group-1\" class=\"forminator-field-group forminator-col forminator-col-12 \"><label class=\"forminator-label forminator-repeater-label\">Informations personnelles<\/label><div class=\"forminator-all-group-copies forminator-repeater-field\"><div class=\"forminator-grouped-fields\" data-options=\"{&quot;is_repeater&quot;:false,&quot;min_type&quot;:&quot;custom&quot;,&quot;max_type&quot;:&quot;custom&quot;,&quot;min&quot;:1,&quot;max&quot;:9223372036854775807,&quot;add_text&quot;:&quot;Add item&quot;,&quot;remove_text&quot;:&quot;Remove item&quot;,&quot;action_element_type&quot;:&quot;button&quot;}\"><div class=\"forminator-row\"><div id=\"name-1\" class=\"forminator-field-name forminator-col forminator-col-12 \"><div class=\"forminator-row forminator-no-margin\" data-multiple=\"true\"><div class=\"forminator-col forminator-col-md-6\"><div class=\"forminator-field\"><label for=\"forminator-field-first-name-1_69e23512ca685\" id=\"forminator-field-first-name-1_69e23512ca685-label\" class=\"forminator-label\">Pr\u00e9nom<\/label><input type=\"text\" name=\"name-1-first-name\" placeholder=\"E.g. John\" id=\"forminator-field-first-name-1_69e23512ca685\" class=\"forminator-input\" aria-required=\"false\" data-multi=\"1\" value=\"\" \/><\/div><\/div><div class=\"forminator-col forminator-col-md-6\"><div class=\"forminator-field\"><label for=\"forminator-field-last-name-1_69e23512ca685\" id=\"forminator-field-last-name-1_69e23512ca685-label\" class=\"forminator-label\">Nom<\/label><input type=\"text\" name=\"name-1-last-name\" placeholder=\"E.g. Doe\" id=\"forminator-field-last-name-1_69e23512ca685\" class=\"forminator-input\" aria-required=\"false\" data-multi=\"1\" value=\"\" \/><\/div><\/div><\/div><\/div><\/div><div class=\"forminator-row\"><div id=\"radio-1\" class=\"forminator-field-radio forminator-col forminator-col-6 \"><div role=\"radiogroup\" class=\"forminator-field\" aria-labelledby=\"forminator-radiogroup-69e23512ca685-label\"><span id=\"forminator-radiogroup-69e23512ca685-label\" class=\"forminator-label\">Sexe<\/span><label id=\"forminator-field-radio-1-label-1\" for=\"forminator-field-radio-1-1-69e23512ca685\" class=\"forminator-radio\" title=\"Masculin\"><input type=\"radio\" name=\"radio-1\" value=\"Masculin\" id=\"forminator-field-radio-1-1-69e23512ca685\" aria-labelledby=\"forminator-field-radio-1-label-1\" data-calculation=\"0\"   data-hidden-behavior=\"zero\"\/><span class=\"forminator-radio-bullet\" aria-hidden=\"true\"><\/span><span class=\"forminator-radio-label\">Masculin<\/span><\/label><label id=\"forminator-field-radio-1-label-2\" for=\"forminator-field-radio-1-2-69e23512ca685\" class=\"forminator-radio\" title=\"F\u00e9minin\"><input type=\"radio\" name=\"radio-1\" value=\"F\u00e9minin\" id=\"forminator-field-radio-1-2-69e23512ca685\" aria-labelledby=\"forminator-field-radio-1-label-2\" data-calculation=\"0\"   data-hidden-behavior=\"zero\"\/><span class=\"forminator-radio-bullet\" aria-hidden=\"true\"><\/span><span class=\"forminator-radio-label\">F\u00e9minin<\/span><\/label><\/div><\/div><div id=\"text-1\" class=\"forminator-field-text forminator-col forminator-col-6 \"><div class=\"forminator-field\"><label for=\"forminator-field-text-1_69e23512ca685\" id=\"forminator-field-text-1_69e23512ca685-label\" class=\"forminator-label\">Nationalit\u00e9<\/label><input type=\"text\" name=\"text-1\" value=\"\" placeholder=\"E.g. text placeholder\" id=\"forminator-field-text-1_69e23512ca685\" class=\"forminator-input forminator-name--field\" data-required=\"\" \/><\/div><\/div><\/div><div class=\"forminator-row\"><div id=\"text-2\" class=\"forminator-field-text forminator-col forminator-col-12 \"><div class=\"forminator-field\"><label for=\"forminator-field-text-2_69e23512ca685\" id=\"forminator-field-text-2_69e23512ca685-label\" class=\"forminator-label\">Adresse<\/label><input type=\"text\" name=\"text-2\" value=\"\" placeholder=\"E.g. text placeholder\" id=\"forminator-field-text-2_69e23512ca685\" class=\"forminator-input forminator-name--field\" data-required=\"\" \/><\/div><\/div><\/div><div class=\"forminator-row\"><div id=\"phone-1\" class=\"forminator-field-phone forminator-col forminator-col-6 \"><div class=\"forminator-field\"><label for=\"forminator-field-phone-1_69e23512ca685\" id=\"forminator-field-phone-1_69e23512ca685-label\" class=\"forminator-label\">T\u00e9l\u00e9phone<\/label><input type=\"text\" name=\"phone-1\" value=\"\" placeholder=\"E.g. +1 300 400 5000\" id=\"forminator-field-phone-1_69e23512ca685\" class=\"forminator-input forminator-field--phone\" data-required=\"\" aria-required=\"false\" autocomplete=\"off\" \/><\/div><\/div><div id=\"email-1\" class=\"forminator-field-email forminator-col forminator-col-6 \"><div class=\"forminator-field\"><label for=\"forminator-field-email-1_69e23512ca685\" id=\"forminator-field-email-1_69e23512ca685-label\" class=\"forminator-label\">Adresse email<\/label><input type=\"email\" name=\"email-1\" value=\"\" placeholder=\"E.g. john@doe.com\" id=\"forminator-field-email-1_69e23512ca685\" class=\"forminator-input forminator-email--field\" data-required=\"\" aria-required=\"false\" \/><\/div><\/div><\/div><\/div><\/div><\/div><\/div><div class=\"forminator-row\"><div id=\"group-2\" class=\"forminator-field-group forminator-col forminator-col-12 \"><label class=\"forminator-label forminator-repeater-label\">Informations professionnelles<\/label><div class=\"forminator-all-group-copies forminator-repeater-field\"><div class=\"forminator-grouped-fields\" data-options=\"{&quot;is_repeater&quot;:false,&quot;min_type&quot;:&quot;custom&quot;,&quot;max_type&quot;:&quot;custom&quot;,&quot;min&quot;:1,&quot;max&quot;:9223372036854775807,&quot;add_text&quot;:&quot;Add item&quot;,&quot;remove_text&quot;:&quot;Remove item&quot;,&quot;action_element_type&quot;:&quot;button&quot;}\"><div class=\"forminator-row\"><div id=\"text-3\" class=\"forminator-field-text forminator-col forminator-col-12 \"><div class=\"forminator-field\"><label for=\"forminator-field-text-3_69e23512ca685\" id=\"forminator-field-text-3_69e23512ca685-label\" class=\"forminator-label\">Poste souhait\u00e9<\/label><input type=\"text\" name=\"text-3\" value=\"\" placeholder=\"E.g. text placeholder\" id=\"forminator-field-text-3_69e23512ca685\" class=\"forminator-input forminator-name--field\" data-required=\"\" \/><\/div><\/div><\/div><div class=\"forminator-row\"><div id=\"text-4\" class=\"forminator-field-text forminator-col forminator-col-12 \"><div class=\"forminator-field\"><label for=\"forminator-field-text-4_69e23512ca685\" id=\"forminator-field-text-4_69e23512ca685-label\" class=\"forminator-label\">Ann\u00e9es d\u2019exp\u00e9rience dans le domaine du BTP<\/label><input type=\"text\" name=\"text-4\" value=\"\" placeholder=\"E.g. text placeholder\" id=\"forminator-field-text-4_69e23512ca685\" class=\"forminator-input forminator-name--field\" data-required=\"\" \/><\/div><\/div><\/div><div class=\"forminator-row\"><div id=\"textarea-1\" class=\"forminator-field-textarea forminator-col forminator-col-12 \"><div class=\"forminator-field\"><label for=\"forminator-field-textarea-1_69e23512ca685\" id=\"forminator-field-textarea-1_69e23512ca685-label\" class=\"forminator-label\">Projets ou chantiers r\u00e9alis\u00e9s<\/label><textarea name=\"textarea-1\" placeholder=\"E.g. text placeholder\nYou can add new line\" id=\"forminator-field-textarea-1_69e23512ca685\" class=\"forminator-textarea\" rows=\"6\" style=\"min-height:140px;\" ><\/textarea><\/div><\/div><\/div><div class=\"forminator-row\"><div id=\"textarea-2\" class=\"forminator-field-textarea forminator-col forminator-col-12 \"><div class=\"forminator-field\"><label for=\"forminator-field-textarea-2_69e23512ca685\" id=\"forminator-field-textarea-2_69e23512ca685-label\" class=\"forminator-label\">Comp\u00e9tences sp\u00e9cifiques<\/label><textarea name=\"textarea-2\" placeholder=\"E.g. text placeholder\nYou can add new line\" id=\"forminator-field-textarea-2_69e23512ca685\" class=\"forminator-textarea\" rows=\"6\" style=\"min-height:140px;\" ><\/textarea><\/div><\/div><\/div><div class=\"forminator-row\"><div id=\"text-5\" class=\"forminator-field-text forminator-col forminator-col-12 \"><div class=\"forminator-field\"><label for=\"forminator-field-text-5_69e23512ca685\" id=\"forminator-field-text-5_69e23512ca685-label\" class=\"forminator-label\">Langues parl\u00e9es<\/label><input type=\"text\" name=\"text-5\" value=\"\" placeholder=\"E.g. text placeholder\" id=\"forminator-field-text-5_69e23512ca685\" class=\"forminator-input forminator-name--field\" data-required=\"\" \/><\/div><\/div><\/div><div class=\"forminator-row\"><div id=\"select-1\" class=\"forminator-field-select forminator-col forminator-col-12 \"><div class=\"forminator-field\"><label for=\"forminator-form-1141__field--select-1_69e23512ca685\" id=\"forminator-form-1141__field--select-1_69e23512ca685-label\" class=\"forminator-label\">Disponibilit\u00e9<\/label><select  id=\"forminator-form-1141__field--select-1_69e23512ca685\" class=\"forminator-select--field forminator-select2 forminator-select2-multiple\" data-required=\"\" name=\"select-1\" data-default-value=\"\" data-hidden-behavior=\"zero\" data-placeholder=\"Immediate\" data-search=\"false\" data-search-placeholder=\"Immediate\" data-checkbox=\"false\" data-allow-clear=\"false\" aria-labelledby=\"forminator-form-1141__field--select-1_69e23512ca685-label\"><option value=\"\"  >Immediate<\/option><option value=\"imm\u00e9diate\"  data-calculation=\"0\">imm\u00e9diate<\/option><option value=\"date pr\u00e9vue de disponibilit\u00e9\"  data-calculation=\"0\">date pr\u00e9vue de disponibilit\u00e9<\/option><\/select><\/div><\/div><\/div><div class=\"forminator-row\"><div id=\"upload-1\" class=\"forminator-field-upload forminator-col forminator-col-12 \"><div class=\"forminator-field\"><label for=\"forminator-field-upload-1_69e23512ca685\" id=\"forminator-field-upload-1_69e23512ca685-label\" class=\"forminator-label\">Documents requis (CV \u00e0 jour, Pi\u00e8ce d&#039;identit\u00e9, dipl\u00f4mes ou certificats de formation, Attestation d&#039;exp\u00e9rience, lettres de recommandation)<\/label><div class=\"forminator-multi-upload \" data-element=\"upload-1_69e23512ca685\"><input type=\"file\" name=\"upload-1[]\" id=\"forminator-field-upload-1_69e23512ca685\" class=\"forminator-input-file forminator-field-upload-1_69e23512ca685-1141\" multiple=\"multiple\" data-method=\"ajax\" data-size=\"8000000\" data-size-message=\"Maximum file size allowed is 8 MB. \"><div class=\"forminator-multi-upload-message\" aria-hidden=\"true\"><span class=\"forminator-icon-upload\" aria-hidden=\"true\"><\/span><p>Drag and Drop (or) <a class=\"forminator-upload-file--forminator-field-upload-1_69e23512ca685\" href=\"#\" onclick=\"return false;\">Choose Files<\/a><\/p><\/div><\/div><ul class=\"forminator-uploaded-files upload-container-upload-1_69e23512ca685\"><\/ul><\/div><\/div><\/div><\/div><\/div><\/div><\/div><input type=\"hidden\" name=\"referer_url\" value=\"\" \/><div class=\"forminator-row forminator-row-last\"><div class=\"forminator-col\"><div class=\"forminator-field\"><button class=\"forminator-button forminator-button-submit\">Send Message<\/button><\/div><\/div><\/div><input type=\"hidden\" id=\"forminator_nonce\" name=\"forminator_nonce\" value=\"160caaff1b\" \/><input type=\"hidden\" name=\"_wp_http_referer\" value=\"\/index.php\/wp-json\/wp\/v2\/pages\/754\" \/><input type=\"hidden\" name=\"form_id\" value=\"1141\"><input type=\"hidden\" name=\"page_id\" value=\"754\"><input type=\"hidden\" name=\"form_type\" value=\"default\"><input type=\"hidden\" name=\"current_url\" value=\"https:\/\/www.robusteconsulte.com\/index.php\/accompagnement\/partenariat-sous-traitance\/fiches-denregistrement-pour-les-personnes-qui-veulent-faire-parti-du-personnel-btp-robuste\/\"><input type=\"hidden\" name=\"render_id\" value=\"0\"><input type=\"hidden\" name=\"forminator-multifile-hidden\" class=\"forminator-multifile-hidden\"><input type=\"hidden\" name=\"action\" value=\"forminator_submit_form_custom-forms\"><\/form>\t\t<\/div>\n\t\t\t\t<\/div>\n\t\t\t\t\t<\/div>\n\t\t\t\t<\/div>\n\t\t\t\t<\/div>\n\t\t","protected":false},"excerpt":{"rendered":"<p>Fiches d\u2019enregistrement pour les personnes qui veulent faire parti du Personnel BTP-Robuste<\/p>\n","protected":false},"author":1,"featured_media":0,"parent":15,"menu_order":0,"comment_status":"closed","ping_status":"closed","template":"elementor_header_footer","meta":{"footnotes":""},"class_list":["post-754","page","type-page","status-publish","hentry"],"blocksy_meta":[],"yoast_head":"<!-- This site is optimized with the Yoast SEO plugin v23.7 - https:\/\/yoast.com\/wordpress\/plugins\/seo\/ -->\n<title>Fiches d\u2019enregistrement pour les personnes qui veulent faire parti du Personnel BTP-Robuste - ROBUSTE<\/title>\n<meta name=\"robots\" content=\"index, follow, max-snippet:-1, max-image-preview:large, max-video-preview:-1\" \/>\n<link rel=\"canonical\" href=\"https:\/\/www.robusteconsulte.com\/index.php\/accompagnement\/partenariat-sous-traitance\/fiches-denregistrement-pour-les-personnes-qui-veulent-faire-parti-du-personnel-btp-robuste\/\" \/>\n<meta property=\"og:locale\" content=\"en_US\" \/>\n<meta property=\"og:type\" content=\"article\" \/>\n<meta property=\"og:title\" content=\"Fiches d\u2019enregistrement pour les personnes qui veulent faire parti du Personnel BTP-Robuste - ROBUSTE\" \/>\n<meta property=\"og:description\" content=\"Fiches d\u2019enregistrement pour les personnes qui veulent faire parti du Personnel BTP-Robuste\" \/>\n<meta property=\"og:url\" content=\"https:\/\/www.robusteconsulte.com\/index.php\/accompagnement\/partenariat-sous-traitance\/fiches-denregistrement-pour-les-personnes-qui-veulent-faire-parti-du-personnel-btp-robuste\/\" \/>\n<meta property=\"og:site_name\" content=\"ROBUSTE\" \/>\n<meta property=\"article:modified_time\" content=\"2024-10-28T23:14:17+00:00\" \/>\n<meta name=\"twitter:card\" content=\"summary_large_image\" \/>\n<meta name=\"twitter:label1\" content=\"Est. reading time\" \/>\n\t<meta name=\"twitter:data1\" content=\"1 minute\" \/>\n<script type=\"application\/ld+json\" class=\"yoast-schema-graph\">{\"@context\":\"https:\/\/schema.org\",\"@graph\":[{\"@type\":\"WebPage\",\"@id\":\"https:\/\/www.robusteconsulte.com\/index.php\/accompagnement\/partenariat-sous-traitance\/fiches-denregistrement-pour-les-personnes-qui-veulent-faire-parti-du-personnel-btp-robuste\/\",\"url\":\"https:\/\/www.robusteconsulte.com\/index.php\/accompagnement\/partenariat-sous-traitance\/fiches-denregistrement-pour-les-personnes-qui-veulent-faire-parti-du-personnel-btp-robuste\/\",\"name\":\"Fiches d\u2019enregistrement pour les personnes qui veulent faire parti du Personnel BTP-Robuste - ROBUSTE\",\"isPartOf\":{\"@id\":\"https:\/\/www.robusteconsulte.com\/#website\"},\"datePublished\":\"2024-10-13T12:01:58+00:00\",\"dateModified\":\"2024-10-28T23:14:17+00:00\",\"breadcrumb\":{\"@id\":\"https:\/\/www.robusteconsulte.com\/index.php\/accompagnement\/partenariat-sous-traitance\/fiches-denregistrement-pour-les-personnes-qui-veulent-faire-parti-du-personnel-btp-robuste\/#breadcrumb\"},\"inLanguage\":\"en-US\",\"potentialAction\":[{\"@type\":\"ReadAction\",\"target\":[\"https:\/\/www.robusteconsulte.com\/index.php\/accompagnement\/partenariat-sous-traitance\/fiches-denregistrement-pour-les-personnes-qui-veulent-faire-parti-du-personnel-btp-robuste\/\"]}]},{\"@type\":\"BreadcrumbList\",\"@id\":\"https:\/\/www.robusteconsulte.com\/index.php\/accompagnement\/partenariat-sous-traitance\/fiches-denregistrement-pour-les-personnes-qui-veulent-faire-parti-du-personnel-btp-robuste\/#breadcrumb\",\"itemListElement\":[{\"@type\":\"ListItem\",\"position\":1,\"name\":\"Home\",\"item\":\"https:\/\/www.robusteconsulte.com\/\"},{\"@type\":\"ListItem\",\"position\":2,\"name\":\"AccompagnementNonUtilis\u00e9s\",\"item\":\"https:\/\/www.robusteconsulte.com\/index.php\/accompagnement\/\"},{\"@type\":\"ListItem\",\"position\":3,\"name\":\"Partenariat \/ Sous traitance\",\"item\":\"https:\/\/www.robusteconsulte.com\/index.php\/accompagnement\/partenariat-sous-traitance\/\"},{\"@type\":\"ListItem\",\"position\":4,\"name\":\"Fiches d\u2019enregistrement pour les personnes qui veulent faire parti du Personnel BTP-Robuste\"}]},{\"@type\":\"WebSite\",\"@id\":\"https:\/\/www.robusteconsulte.com\/#website\",\"url\":\"https:\/\/www.robusteconsulte.com\/\",\"name\":\"ROBUSTE\",\"description\":\"La solution adequate\",\"publisher\":{\"@id\":\"https:\/\/www.robusteconsulte.com\/#organization\"},\"potentialAction\":[{\"@type\":\"SearchAction\",\"target\":{\"@type\":\"EntryPoint\",\"urlTemplate\":\"https:\/\/www.robusteconsulte.com\/?s={search_term_string}\"},\"query-input\":{\"@type\":\"PropertyValueSpecification\",\"valueRequired\":true,\"valueName\":\"search_term_string\"}}],\"inLanguage\":\"en-US\"},{\"@type\":\"Organization\",\"@id\":\"https:\/\/www.robusteconsulte.com\/#organization\",\"name\":\"ROBUSTE\",\"url\":\"https:\/\/www.robusteconsulte.com\/\",\"logo\":{\"@type\":\"ImageObject\",\"inLanguage\":\"en-US\",\"@id\":\"https:\/\/www.robusteconsulte.com\/#\/schema\/logo\/image\/\",\"url\":\"https:\/\/www.robusteconsulte.com\/wp-content\/uploads\/2024\/09\/logoRobuste.png\",\"contentUrl\":\"https:\/\/www.robusteconsulte.com\/wp-content\/uploads\/2024\/09\/logoRobuste.png\",\"width\":387,\"height\":375,\"caption\":\"ROBUSTE\"},\"image\":{\"@id\":\"https:\/\/www.robusteconsulte.com\/#\/schema\/logo\/image\/\"}}]}<\/script>\n<!-- \/ Yoast SEO plugin. -->","yoast_head_json":{"title":"Fiches d\u2019enregistrement pour les personnes qui veulent faire parti du Personnel BTP-Robuste - ROBUSTE","robots":{"index":"index","follow":"follow","max-snippet":"max-snippet:-1","max-image-preview":"max-image-preview:large","max-video-preview":"max-video-preview:-1"},"canonical":"https:\/\/www.robusteconsulte.com\/index.php\/accompagnement\/partenariat-sous-traitance\/fiches-denregistrement-pour-les-personnes-qui-veulent-faire-parti-du-personnel-btp-robuste\/","og_locale":"en_US","og_type":"article","og_title":"Fiches d\u2019enregistrement pour les personnes qui veulent faire parti du Personnel BTP-Robuste - ROBUSTE","og_description":"Fiches d\u2019enregistrement pour les personnes qui veulent faire parti du Personnel BTP-Robuste","og_url":"https:\/\/www.robusteconsulte.com\/index.php\/accompagnement\/partenariat-sous-traitance\/fiches-denregistrement-pour-les-personnes-qui-veulent-faire-parti-du-personnel-btp-robuste\/","og_site_name":"ROBUSTE","article_modified_time":"2024-10-28T23:14:17+00:00","twitter_card":"summary_large_image","twitter_misc":{"Est. reading time":"1 minute"},"schema":{"@context":"https:\/\/schema.org","@graph":[{"@type":"WebPage","@id":"https:\/\/www.robusteconsulte.com\/index.php\/accompagnement\/partenariat-sous-traitance\/fiches-denregistrement-pour-les-personnes-qui-veulent-faire-parti-du-personnel-btp-robuste\/","url":"https:\/\/www.robusteconsulte.com\/index.php\/accompagnement\/partenariat-sous-traitance\/fiches-denregistrement-pour-les-personnes-qui-veulent-faire-parti-du-personnel-btp-robuste\/","name":"Fiches d\u2019enregistrement pour les personnes qui veulent faire parti du Personnel BTP-Robuste - ROBUSTE","isPartOf":{"@id":"https:\/\/www.robusteconsulte.com\/#website"},"datePublished":"2024-10-13T12:01:58+00:00","dateModified":"2024-10-28T23:14:17+00:00","breadcrumb":{"@id":"https:\/\/www.robusteconsulte.com\/index.php\/accompagnement\/partenariat-sous-traitance\/fiches-denregistrement-pour-les-personnes-qui-veulent-faire-parti-du-personnel-btp-robuste\/#breadcrumb"},"inLanguage":"en-US","potentialAction":[{"@type":"ReadAction","target":["https:\/\/www.robusteconsulte.com\/index.php\/accompagnement\/partenariat-sous-traitance\/fiches-denregistrement-pour-les-personnes-qui-veulent-faire-parti-du-personnel-btp-robuste\/"]}]},{"@type":"BreadcrumbList","@id":"https:\/\/www.robusteconsulte.com\/index.php\/accompagnement\/partenariat-sous-traitance\/fiches-denregistrement-pour-les-personnes-qui-veulent-faire-parti-du-personnel-btp-robuste\/#breadcrumb","itemListElement":[{"@type":"ListItem","position":1,"name":"Home","item":"https:\/\/www.robusteconsulte.com\/"},{"@type":"ListItem","position":2,"name":"AccompagnementNonUtilis\u00e9s","item":"https:\/\/www.robusteconsulte.com\/index.php\/accompagnement\/"},{"@type":"ListItem","position":3,"name":"Partenariat \/ Sous traitance","item":"https:\/\/www.robusteconsulte.com\/index.php\/accompagnement\/partenariat-sous-traitance\/"},{"@type":"ListItem","position":4,"name":"Fiches d\u2019enregistrement pour les personnes qui veulent faire parti du Personnel BTP-Robuste"}]},{"@type":"WebSite","@id":"https:\/\/www.robusteconsulte.com\/#website","url":"https:\/\/www.robusteconsulte.com\/","name":"ROBUSTE","description":"La solution adequate","publisher":{"@id":"https:\/\/www.robusteconsulte.com\/#organization"},"potentialAction":[{"@type":"SearchAction","target":{"@type":"EntryPoint","urlTemplate":"https:\/\/www.robusteconsulte.com\/?s={search_term_string}"},"query-input":{"@type":"PropertyValueSpecification","valueRequired":true,"valueName":"search_term_string"}}],"inLanguage":"en-US"},{"@type":"Organization","@id":"https:\/\/www.robusteconsulte.com\/#organization","name":"ROBUSTE","url":"https:\/\/www.robusteconsulte.com\/","logo":{"@type":"ImageObject","inLanguage":"en-US","@id":"https:\/\/www.robusteconsulte.com\/#\/schema\/logo\/image\/","url":"https:\/\/www.robusteconsulte.com\/wp-content\/uploads\/2024\/09\/logoRobuste.png","contentUrl":"https:\/\/www.robusteconsulte.com\/wp-content\/uploads\/2024\/09\/logoRobuste.png","width":387,"height":375,"caption":"ROBUSTE"},"image":{"@id":"https:\/\/www.robusteconsulte.com\/#\/schema\/logo\/image\/"}}]}},"_links":{"self":[{"href":"https:\/\/www.robusteconsulte.com\/index.php\/wp-json\/wp\/v2\/pages\/754","targetHints":{"allow":["GET"]}}],"collection":[{"href":"https:\/\/www.robusteconsulte.com\/index.php\/wp-json\/wp\/v2\/pages"}],"about":[{"href":"https:\/\/www.robusteconsulte.com\/index.php\/wp-json\/wp\/v2\/types\/page"}],"author":[{"embeddable":true,"href":"https:\/\/www.robusteconsulte.com\/index.php\/wp-json\/wp\/v2\/users\/1"}],"replies":[{"embeddable":true,"href":"https:\/\/www.robusteconsulte.com\/index.php\/wp-json\/wp\/v2\/comments?post=754"}],"version-history":[{"count":7,"href":"https:\/\/www.robusteconsulte.com\/index.php\/wp-json\/wp\/v2\/pages\/754\/revisions"}],"predecessor-version":[{"id":1168,"href":"https:\/\/www.robusteconsulte.com\/index.php\/wp-json\/wp\/v2\/pages\/754\/revisions\/1168"}],"up":[{"embeddable":true,"href":"https:\/\/www.robusteconsulte.com\/index.php\/wp-json\/wp\/v2\/pages\/15"}],"wp:attachment":[{"href":"https:\/\/www.robusteconsulte.com\/index.php\/wp-json\/wp\/v2\/media?parent=754"}],"curies":[{"name":"wp","href":"https:\/\/api.w.org\/{rel}","templated":true}]}}